{"id":1733,"date":"2023-06-14T07:59:48","date_gmt":"2023-06-14T07:59:48","guid":{"rendered":"https:\/\/athenatour.com\/index\/?page_id=1733"},"modified":"2026-04-30T08:49:34","modified_gmt":"2026-04-30T08:49:34","slug":"yurticiturlar","status":"publish","type":"page","link":"https:\/\/athenatour.com\/index\/yurticiturlar\/","title":{"rendered":"Yurt \u0130\u00e7i Turlar"},"content":{"rendered":"\t\t<div data-elementor-type=\"wp-page\" data-elementor-id=\"1733\" class=\"elementor elementor-1733\">\n\t\t\t\t\t\t\t<div class=\"elementor-element elementor-element-f2c4be9 e-con-full e-flex e-con\" data-id=\"f2c4be9\" data-element_type=\"container\" data-settings=\"{&quot;content_width&quot;:&quot;full&quot;}\">\n\t\t\t\t<div class=\"elementor-element elementor-element-04f5f75 elementor-widget elementor-widget-heading\" data-id=\"04f5f75\" data-element_type=\"widget\" data-widget_type=\"heading.default\">\n\t\t\t\t<div class=\"elementor-widget-container\">\n\t\t\t<style>\/*! elementor - v3.13.3 - 28-05-2023 *\/\n.elementor-heading-title{padding:0;margin:0;line-height:1}.elementor-widget-heading .elementor-heading-title[class*=elementor-size-]>a{color:inherit;font-size:inherit;line-height:inherit}.elementor-widget-heading .elementor-heading-title.elementor-size-small{font-size:15px}.elementor-widget-heading .elementor-heading-title.elementor-size-medium{font-size:19px}.elementor-widget-heading .elementor-heading-title.elementor-size-large{font-size:29px}.elementor-widget-heading .elementor-heading-title.elementor-size-xl{font-size:39px}.elementor-widget-heading .elementor-heading-title.elementor-size-xxl{font-size:59px}<\/style><span class=\"elementor-heading-title elementor-size-xl\">Yurt \u0130\u00e7i Turlar\u0131m\u0131z<\/span>\t\t<\/div>\n\t\t\t\t<\/div>\n\t\t\t\t<div class=\"elementor-element elementor-element-258efd2 elementor-align-right elementor-widget elementor-widget-button\" data-id=\"258efd2\" data-element_type=\"widget\" data-widget_type=\"button.default\">\n\t\t\t\t<div class=\"elementor-widget-container\">\n\t\t\t\t\t<div class=\"elementor-button-wrapper\">\n\t\t\t<a href=\"https:\/\/wa.me\/905543641151?text=Merhaba%2C%20Instagram&#039;dan%20g\u00f6rd\u00fcm.%20Bilgi%20alabilir%20miyim?\" target=\"_blank\" class=\"elementor-button-link elementor-button elementor-size-xs\" role=\"button\">\n\t\t\t\t\t\t<span class=\"elementor-button-content-wrapper\">\n\t\t\t\t\t\t<span class=\"elementor-button-text\">WhatsApp'tan Hemen Yaz<\/span>\n\t\t<\/span>\n\t\t\t\t\t<\/a>\n\t\t<\/div>\n\t\t\t\t<\/div>\n\t\t\t\t<\/div>\n\t\t\t\t<\/div>\n\t\t<div class=\"elementor-element elementor-element-b46c237 animated-slow e-con-boxed e-flex e-con\" data-id=\"b46c237\" data-element_type=\"container\" data-settings=\"{&quot;animation&quot;:&quot;none&quot;,&quot;content_width&quot;:&quot;boxed&quot;}\">\n\t\t\t\t\t<div class=\"e-con-inner\">\n\t\t<div class=\"elementor-element elementor-element-88a234e e-con-full e-flex e-con\" data-id=\"88a234e\" data-element_type=\"container\" data-settings=\"{&quot;content_width&quot;:&quot;full&quot;,&quot;background_background&quot;:&quot;classic&quot;}\">\n\t\t\t\t<div class=\"elementor-element elementor-element-4e01063 elementor-invisible elementor-widget elementor-widget-image\" data-id=\"4e01063\" data-element_type=\"widget\" data-settings=\"{&quot;_animation&quot;:&quot;fadeIn&quot;}\" data-widget_type=\"image.default\">\n\t\t\t\t<div class=\"elementor-widget-container\">\n\t\t\t<style>\/*! elementor - v3.13.3 - 28-05-2023 *\/\n.elementor-widget-image{text-align:center}.elementor-widget-image a{display:inline-block}.elementor-widget-image a img[src$=\".svg\"]{width:48px}.elementor-widget-image img{vertical-align:middle;display:inline-block}<\/style>\t\t\t\t\t\t\t\t\t\t\t\t<img decoding=\"async\" src=\"https:\/\/athenatour.com\/index\/wp-content\/uploads\/elementor\/thumbs\/cropped-mardin-ra3n2593isz3n8469vjicms9yenltqi7nn2dzvv4wy.png\" title=\"cropped-mardin.png\" alt=\"cropped-mardin.png\" loading=\"lazy\" \/>\t\t\t\t\t\t\t\t\t\t\t\t\t\t\t<\/div>\n\t\t\t\t<\/div>\n\t\t\t\t<div class=\"elementor-element elementor-element-3e9f7be elementor-widget elementor-widget-heading\" data-id=\"3e9f7be\" data-element_type=\"widget\" data-widget_type=\"heading.default\">\n\t\t\t\t<div class=\"elementor-widget-container\">\n\t\t\t<h5 class=\"elementor-heading-title elementor-size-default\">Butik MARD\u0130N &amp; D\u0130YARBAKIR<\/h5>\t\t<\/div>\n\t\t\t\t<\/div>\n\t\t\t\t<div class=\"elementor-element elementor-element-0351a37 elementor-widget elementor-widget-text-editor\" data-id=\"0351a37\" data-element_type=\"widget\" data-widget_type=\"text-editor.default\">\n\t\t\t\t<div class=\"elementor-widget-container\">\n\t\t\t<style>\/*! elementor - v3.13.3 - 28-05-2023 *\/\n.elementor-widget-text-editor.elementor-drop-cap-view-stacked .elementor-drop-cap{background-color:#69727d;color:#fff}.elementor-widget-text-editor.elementor-drop-cap-view-framed .elementor-drop-cap{color:#69727d;border:3px solid;background-color:transparent}.elementor-widget-text-editor:not(.elementor-drop-cap-view-default) .elementor-drop-cap{margin-top:8px}.elementor-widget-text-editor:not(.elementor-drop-cap-view-default) .elementor-drop-cap-letter{width:1em;height:1em}.elementor-widget-text-editor .elementor-drop-cap{float:left;text-align:center;line-height:1;font-size:50px}.elementor-widget-text-editor .elementor-drop-cap-letter{display:inline-block}<\/style>\t\t\t\t<p><span style=\"color: #000000;\">16 &#8211; 19 May\u0131s 2026<br \/>3 Gece-4 G\u00fcn )<br \/><\/span><span style=\"color: #000000;\"><span style=\"text-decoration: underline;\"><em>U\u00e7ak Dahil<\/em><\/span><\/span><\/p>\t\t\t\t\t\t<\/div>\n\t\t\t\t<\/div>\n\t\t\t\t<div class=\"elementor-element elementor-element-46a9cd3 elementor-widget elementor-widget-heading\" data-id=\"46a9cd3\" data-element_type=\"widget\" data-widget_type=\"heading.default\">\n\t\t\t\t<div class=\"elementor-widget-container\">\n\t\t\t<h4 class=\"elementor-heading-title elementor-size-default\">1 Ki\u015fi: 27.900 TL<\/h4>\t\t<\/div>\n\t\t\t\t<\/div>\n\t\t\t\t<div class=\"elementor-element elementor-element-d0caf6a elementor-invisible elementor-widget elementor-widget-button\" data-id=\"d0caf6a\" data-element_type=\"widget\" data-settings=\"{&quot;_animation&quot;:&quot;fadeIn&quot;}\" data-widget_type=\"button.default\">\n\t\t\t\t<div class=\"elementor-widget-container\">\n\t\t\t\t\t<div class=\"elementor-button-wrapper\">\n\t\t\t<a href=\"https:\/\/wa.me\/905543641151\" class=\"elementor-button-link elementor-button elementor-size-xs\" role=\"button\">\n\t\t\t\t\t\t<span class=\"elementor-button-content-wrapper\">\n\t\t\t\t\t\t<span class=\"elementor-button-text\">\ud83d\udc49 Hemen Yerini Ay\u0131rt<\/span>\n\t\t<\/span>\n\t\t\t\t\t<\/a>\n\t\t<\/div>\n\t\t\t\t<\/div>\n\t\t\t\t<\/div>\n\t\t\t\t<\/div>\n\t\t<div class=\"elementor-element elementor-element-57a5f1a e-con-full e-flex e-con\" data-id=\"57a5f1a\" data-element_type=\"container\" data-settings=\"{&quot;content_width&quot;:&quot;full&quot;,&quot;background_background&quot;:&quot;classic&quot;}\">\n\t\t\t\t<div class=\"elementor-element elementor-element-c234a07 elementor-invisible elementor-widget elementor-widget-image\" data-id=\"c234a07\" data-element_type=\"widget\" data-settings=\"{&quot;_animation&quot;:&quot;fadeIn&quot;}\" data-widget_type=\"image.default\">\n\t\t\t\t<div class=\"elementor-widget-container\">\n\t\t\t\t\t\t\t\t\t\t\t\t\t\t\t<img decoding=\"async\" src=\"https:\/\/athenatour.com\/index\/wp-content\/uploads\/elementor\/thumbs\/kars-van-kutu-r0m6j7npg3hloezj3y1ke9t4u3aq3ydjmvtftew2aq.png\" title=\"kars van kutu\" alt=\"kars van kutu\" loading=\"lazy\" \/>\t\t\t\t\t\t\t\t\t\t\t\t\t\t\t<\/div>\n\t\t\t\t<\/div>\n\t\t\t\t<div class=\"elementor-element elementor-element-26fd0b7 elementor-widget elementor-widget-heading\" data-id=\"26fd0b7\" data-element_type=\"widget\" data-widget_type=\"heading.default\">\n\t\t\t\t<div class=\"elementor-widget-container\">\n\t\t\t<h5 class=\"elementor-heading-title elementor-size-default\">KARS & VAN TURU<\/h5>\t\t<\/div>\n\t\t\t\t<\/div>\n\t\t\t\t<div class=\"elementor-element elementor-element-574b5b9 elementor-widget elementor-widget-text-editor\" data-id=\"574b5b9\" data-element_type=\"widget\" data-widget_type=\"text-editor.default\">\n\t\t\t\t<div class=\"elementor-widget-container\">\n\t\t\t\t\t\t\t<p><span style=\"color: #000000;\">20 &#8211; 24 May\u0131s 2026<br \/>4 Gece-5 G\u00fcn )<br \/><\/span><span style=\"color: #000000;\"><span style=\"text-decoration: underline;\"><em>U\u00e7ak Dahil<\/em><\/span><\/span><\/p>\t\t\t\t\t\t<\/div>\n\t\t\t\t<\/div>\n\t\t\t\t<div class=\"elementor-element elementor-element-9403c74 elementor-widget elementor-widget-heading\" data-id=\"9403c74\" data-element_type=\"widget\" data-widget_type=\"heading.default\">\n\t\t\t\t<div class=\"elementor-widget-container\">\n\t\t\t<h4 class=\"elementor-heading-title elementor-size-default\">1 Ki\u015fi: 27.900 TL<\/h4>\t\t<\/div>\n\t\t\t\t<\/div>\n\t\t\t\t<div class=\"elementor-element elementor-element-067e562 elementor-invisible elementor-widget elementor-widget-button\" data-id=\"067e562\" data-element_type=\"widget\" data-settings=\"{&quot;_animation&quot;:&quot;fadeIn&quot;}\" data-widget_type=\"button.default\">\n\t\t\t\t<div class=\"elementor-widget-container\">\n\t\t\t\t\t<div class=\"elementor-button-wrapper\">\n\t\t\t<a href=\"https:\/\/wa.me\/905543641151\" class=\"elementor-button-link elementor-button elementor-size-xs\" role=\"button\">\n\t\t\t\t\t\t<span class=\"elementor-button-content-wrapper\">\n\t\t\t\t\t\t<span class=\"elementor-button-text\">\ud83d\udc49 Hemen Yerini Ay\u0131rt<\/span>\n\t\t<\/span>\n\t\t\t\t\t<\/a>\n\t\t<\/div>\n\t\t\t\t<\/div>\n\t\t\t\t<\/div>\n\t\t\t\t<\/div>\n\t\t<div class=\"elementor-element elementor-element-259021f e-con-full e-flex e-con\" data-id=\"259021f\" data-element_type=\"container\" data-settings=\"{&quot;content_width&quot;:&quot;full&quot;,&quot;background_background&quot;:&quot;classic&quot;}\">\n\t\t\t\t<div class=\"elementor-element elementor-element-5b79bf5 elementor-invisible elementor-widget elementor-widget-image\" data-id=\"5b79bf5\" data-element_type=\"widget\" data-settings=\"{&quot;_animation&quot;:&quot;fadeIn&quot;}\" data-widget_type=\"image.default\">\n\t\t\t\t<div class=\"elementor-widget-container\">\n\t\t\t\t\t\t\t\t\t\t\t\t\t\t\t<img decoding=\"async\" src=\"https:\/\/athenatour.com\/index\/wp-content\/uploads\/elementor\/thumbs\/cropped-IGNEADA-qtzrydz5kczgjh94e8q5lzl4f50t00ohhe081lz6oy.webp\" title=\"cropped-IGNEADA.webp\" alt=\"cropped-IGNEADA.webp\" loading=\"lazy\" \/>\t\t\t\t\t\t\t\t\t\t\t\t\t\t\t<\/div>\n\t\t\t\t<\/div>\n\t\t\t\t<div class=\"elementor-element elementor-element-1fdd3fb elementor-widget elementor-widget-heading\" data-id=\"1fdd3fb\" data-element_type=\"widget\" data-widget_type=\"heading.default\">\n\t\t\t\t<div class=\"elementor-widget-container\">\n\t\t\t<h5 class=\"elementor-heading-title elementor-size-default\">\u0130\u011eNEADA &amp; KIYIK\u00d6Y<\/h5>\t\t<\/div>\n\t\t\t\t<\/div>\n\t\t\t\t<div class=\"elementor-element elementor-element-5d941b4 elementor-widget elementor-widget-text-editor\" data-id=\"5d941b4\" data-element_type=\"widget\" data-widget_type=\"text-editor.default\">\n\t\t\t\t<div class=\"elementor-widget-container\">\n\t\t\t\t\t\t\t<p><span style=\"color: #000000;\">23 &#8211; 24 May\u0131s 2026<br \/>1 Gece-2 G\u00fcn<br \/><\/span><span style=\"color: #000000;\"><i><u>Haftasonu Keyfi<\/u><\/i><\/span><\/p>\t\t\t\t\t\t<\/div>\n\t\t\t\t<\/div>\n\t\t\t\t<div class=\"elementor-element elementor-element-583e235 elementor-widget elementor-widget-heading\" data-id=\"583e235\" data-element_type=\"widget\" data-widget_type=\"heading.default\">\n\t\t\t\t<div class=\"elementor-widget-container\">\n\t\t\t<h4 class=\"elementor-heading-title elementor-size-default\">1 Ki\u015fi: 9.990 TL<\/h4>\t\t<\/div>\n\t\t\t\t<\/div>\n\t\t\t\t<div class=\"elementor-element elementor-element-70d00cb elementor-invisible elementor-widget elementor-widget-button\" data-id=\"70d00cb\" data-element_type=\"widget\" data-settings=\"{&quot;_animation&quot;:&quot;fadeIn&quot;}\" data-widget_type=\"button.default\">\n\t\t\t\t<div class=\"elementor-widget-container\">\n\t\t\t\t\t<div class=\"elementor-button-wrapper\">\n\t\t\t<a href=\"https:\/\/wa.me\/905543641151\" class=\"elementor-button-link elementor-button elementor-size-xs\" role=\"button\">\n\t\t\t\t\t\t<span class=\"elementor-button-content-wrapper\">\n\t\t\t\t\t\t<span class=\"elementor-button-text\">\ud83d\udc49 Hemen Yerini Ay\u0131rt<\/span>\n\t\t<\/span>\n\t\t\t\t\t<\/a>\n\t\t<\/div>\n\t\t\t\t<\/div>\n\t\t\t\t<\/div>\n\t\t\t\t<\/div>\n\t\t<div class=\"elementor-element elementor-element-a834cf4 e-con-full e-flex e-con\" data-id=\"a834cf4\" data-element_type=\"container\" data-settings=\"{&quot;content_width&quot;:&quot;full&quot;,&quot;background_background&quot;:&quot;classic&quot;}\">\n\t\t\t\t<div class=\"elementor-element elementor-element-c507676 elementor-invisible elementor-widget elementor-widget-image\" data-id=\"c507676\" data-element_type=\"widget\" data-settings=\"{&quot;_animation&quot;:&quot;fadeIn&quot;}\" data-widget_type=\"image.default\">\n\t\t\t\t<div class=\"elementor-widget-container\">\n\t\t\t\t\t\t\t\t\t\t\t\t\t\t\t<img decoding=\"async\" src=\"https:\/\/athenatour.com\/index\/wp-content\/uploads\/elementor\/thumbs\/WhatsApp-Image-2026-04-29-at-13.50.58-rmpty9l4qxyzyb4a4cjuod8ir9uw5t7z24uc7x5hnm.jpeg\" title=\"WhatsApp Image 2026-04-29 at 13.50.58\" alt=\"WhatsApp Image 2026-04-29 at 13.50.58\" loading=\"lazy\" \/>\t\t\t\t\t\t\t\t\t\t\t\t\t\t\t<\/div>\n\t\t\t\t<\/div>\n\t\t\t\t<div class=\"elementor-element elementor-element-023e7dd elementor-widget elementor-widget-heading\" data-id=\"023e7dd\" data-element_type=\"widget\" data-widget_type=\"heading.default\">\n\t\t\t\t<div class=\"elementor-widget-container\">\n\t\t\t<h5 class=\"elementor-heading-title elementor-size-default\">G\u00fcn\u00fcbirlik \u015e\u0130LE & A\u011eVA<\/h5>\t\t<\/div>\n\t\t\t\t<\/div>\n\t\t\t\t<div class=\"elementor-element elementor-element-d9d8137 elementor-widget elementor-widget-text-editor\" data-id=\"d9d8137\" data-element_type=\"widget\" data-widget_type=\"text-editor.default\">\n\t\t\t\t<div class=\"elementor-widget-container\">\n\t\t\t\t\t\t\t<p>Hafta sonu keyfi &#8230;<br \/>\u00d6\u011fle Yeme\u011fi ve Tekne Turu Dahildir.<\/p>\t\t\t\t\t\t<\/div>\n\t\t\t\t<\/div>\n\t\t\t\t<div class=\"elementor-element elementor-element-f4c940d elementor-widget elementor-widget-heading\" data-id=\"f4c940d\" data-element_type=\"widget\" data-widget_type=\"heading.default\">\n\t\t\t\t<div class=\"elementor-widget-container\">\n\t\t\t<h4 class=\"elementor-heading-title elementor-size-default\">1 Ki\u015fi: 9.990 TL<\/h4>\t\t<\/div>\n\t\t\t\t<\/div>\n\t\t\t\t<div class=\"elementor-element elementor-element-7c0af9a elementor-invisible elementor-widget elementor-widget-button\" data-id=\"7c0af9a\" data-element_type=\"widget\" data-settings=\"{&quot;_animation&quot;:&quot;fadeIn&quot;}\" data-widget_type=\"button.default\">\n\t\t\t\t<div class=\"elementor-widget-container\">\n\t\t\t\t\t<div class=\"elementor-button-wrapper\">\n\t\t\t<a href=\"https:\/\/wa.me\/905543641151\" class=\"elementor-button-link elementor-button elementor-size-xs\" role=\"button\">\n\t\t\t\t\t\t<span class=\"elementor-button-content-wrapper\">\n\t\t\t\t\t\t<span class=\"elementor-button-text\">\ud83d\udc49 Hemen Yerini Ay\u0131rt<\/span>\n\t\t<\/span>\n\t\t\t\t\t<\/a>\n\t\t<\/div>\n\t\t\t\t<\/div>\n\t\t\t\t<\/div>\n\t\t\t\t<\/div>\n\t\t\t\t\t<\/div>\n\t\t\t\t<\/div>\n\t\t\t\t\t\t\t<\/div>\n\t\t","protected":false},"excerpt":{"rendered":"<p>Yurt \u0130\u00e7i Turlar\u0131m\u0131z WhatsApp&#8217;tan Hemen Yaz Butik MARD\u0130N &amp; D\u0130YARBAKIR 16 &#8211; 19 May\u0131s 20263 Gece-4 G\u00fcn )U\u00e7ak Dahil 1 Ki\u015fi: 27.900 TL \ud83d\udc49 Hemen Yerini Ay\u0131rt KARS &#038; VAN TURU 20 &#8211; 24 May\u0131s 20264 Gece-5 G\u00fcn )U\u00e7ak Dahil 1 Ki\u015fi: 27.900 TL \ud83d\udc49 &hellip; <\/p>\n","protected":false},"author":1,"featured_media":0,"parent":0,"menu_order":0,"comment_status":"closed","ping_status":"closed","template":"","meta":{"footnotes":""},"class_list":["post-1733","page","type-page","status-publish","hentry"],"_links":{"self":[{"href":"https:\/\/athenatour.com\/index\/wp-json\/wp\/v2\/pages\/1733","targetHints":{"allow":["GET"]}}],"collection":[{"href":"https:\/\/athenatour.com\/index\/wp-json\/wp\/v2\/pages"}],"about":[{"href":"https:\/\/athenatour.com\/index\/wp-json\/wp\/v2\/types\/page"}],"author":[{"embeddable":true,"href":"https:\/\/athenatour.com\/index\/wp-json\/wp\/v2\/users\/1"}],"replies":[{"embeddable":true,"href":"https:\/\/athenatour.com\/index\/wp-json\/wp\/v2\/comments?post=1733"}],"version-history":[{"count":1386,"href":"https:\/\/athenatour.com\/index\/wp-json\/wp\/v2\/pages\/1733\/revisions"}],"predecessor-version":[{"id":5415,"href":"https:\/\/athenatour.com\/index\/wp-json\/wp\/v2\/pages\/1733\/revisions\/5415"}],"wp:attachment":[{"href":"https:\/\/athenatour.com\/index\/wp-json\/wp\/v2\/media?parent=1733"}],"curies":[{"name":"wp","href":"https:\/\/api.w.org\/{rel}","templated":true}]}}