{"id":2052,"date":"2023-06-14T13:14:45","date_gmt":"2023-06-14T13:14:45","guid":{"rendered":"https:\/\/athenatour.com\/index\/?page_id=2052"},"modified":"2024-02-15T13:51:50","modified_gmt":"2024-02-15T13:51:50","slug":"okulturlari","status":"publish","type":"page","link":"https:\/\/athenatour.com\/index\/okulturlari\/","title":{"rendered":"Okul Turlar\u0131"},"content":{"rendered":"\t\t<div data-elementor-type=\"wp-page\" data-elementor-id=\"2052\" class=\"elementor elementor-2052\">\n\t\t\t\t\t\t\t<div class=\"elementor-element elementor-element-869ee87 e-con-boxed e-flex e-con\" data-id=\"869ee87\" data-element_type=\"container\" data-settings=\"{&quot;content_width&quot;:&quot;boxed&quot;}\">\n\t\t\t\t\t<div class=\"e-con-inner\">\n\t\t\t\t<div class=\"elementor-element elementor-element-bea7e95 elementor-widget elementor-widget-heading\" data-id=\"bea7e95\" data-element_type=\"widget\" data-widget_type=\"heading.default\">\n\t\t\t\t<div class=\"elementor-widget-container\">\n\t\t\t<style>\/*! elementor - v3.13.3 - 28-05-2023 *\/\n.elementor-heading-title{padding:0;margin:0;line-height:1}.elementor-widget-heading .elementor-heading-title[class*=elementor-size-]>a{color:inherit;font-size:inherit;line-height:inherit}.elementor-widget-heading .elementor-heading-title.elementor-size-small{font-size:15px}.elementor-widget-heading .elementor-heading-title.elementor-size-medium{font-size:19px}.elementor-widget-heading .elementor-heading-title.elementor-size-large{font-size:29px}.elementor-widget-heading .elementor-heading-title.elementor-size-xl{font-size:39px}.elementor-widget-heading .elementor-heading-title.elementor-size-xxl{font-size:59px}<\/style><span class=\"elementor-heading-title elementor-size-xxl\">OKUL TURLARI<\/span>\t\t<\/div>\n\t\t\t\t<\/div>\n\t\t\t\t<div class=\"elementor-element elementor-element-f041207 elementor-widget elementor-widget-text-editor\" data-id=\"f041207\" data-element_type=\"widget\" data-widget_type=\"text-editor.default\">\n\t\t\t\t<div class=\"elementor-widget-container\">\n\t\t\t<style>\/*! elementor - v3.13.3 - 28-05-2023 *\/\n.elementor-widget-text-editor.elementor-drop-cap-view-stacked .elementor-drop-cap{background-color:#69727d;color:#fff}.elementor-widget-text-editor.elementor-drop-cap-view-framed .elementor-drop-cap{color:#69727d;border:3px solid;background-color:transparent}.elementor-widget-text-editor:not(.elementor-drop-cap-view-default) .elementor-drop-cap{margin-top:8px}.elementor-widget-text-editor:not(.elementor-drop-cap-view-default) .elementor-drop-cap-letter{width:1em;height:1em}.elementor-widget-text-editor .elementor-drop-cap{float:left;text-align:center;line-height:1;font-size:50px}.elementor-widget-text-editor .elementor-drop-cap-letter{display:inline-block}<\/style>\t\t\t\t<p style=\"text-align: center;\"><em><span style=\"color: #000000;\">\u00dclkemizin Sahip oldu\u011fu G\u00fczellikleri ve Tarihi yerlerini siz de\u011ferli \u00f6\u011fretmenlerimiz e\u015fli\u011finde \u00f6\u011frencilerimize tan\u0131tmak ve gezdirmek amac\u0131 ile sizlere bir\u00e7ok tur program\u0131 haz\u0131rlad\u0131k.Gerek tarihi gerekse k\u00fclt\u00fcrel miraslar\u0131 olarak \u00fclkemizin zenginliklerini \u00f6\u011frencilerimiz ara\u015ft\u0131r\u0131p, g\u00f6r\u00fcp ve gezme imkan\u0131na sahipler \u00fcstelik en ekonomik ve en kaliteli bir \u015fekilde. Acentam\u0131z olarak siz de\u011ferli \u00f6\u011fretmen ve \u00f6\u011frencilerimize hizmet vermekten b\u00fcy\u00fck onur duyuca\u011f\u0131m\u0131z\u0131 hat\u0131rlat\u0131r, sizler i\u00e7in itina ile haz\u0131rlad\u0131\u011f\u0131m\u0131z tur programlar\u0131m\u0131z\u0131 incelemenizi tavsiye ederiz.<\/span><\/em><\/p>\t\t\t\t\t\t<\/div>\n\t\t\t\t<\/div>\n\t\t\t\t<div class=\"elementor-element elementor-element-cfe9c91 elementor-widget elementor-widget-image\" data-id=\"cfe9c91\" data-element_type=\"widget\" data-widget_type=\"image.default\">\n\t\t\t\t<div class=\"elementor-widget-container\">\n\t\t\t<style>\/*! elementor - v3.13.3 - 28-05-2023 *\/\n.elementor-widget-image{text-align:center}.elementor-widget-image a{display:inline-block}.elementor-widget-image a img[src$=\".svg\"]{width:48px}.elementor-widget-image img{vertical-align:middle;display:inline-block}<\/style>\t\t\t\t\t\t\t\t\t\t\t\t<img loading=\"lazy\" decoding=\"async\" width=\"910\" height=\"529\" src=\"https:\/\/athenatour.com\/index\/wp-content\/uploads\/2023\/06\/1okul-turlari-2023-06-20-111251-1024x595.png\" class=\"attachment-large size-large wp-image-2697\" alt=\"\" srcset=\"https:\/\/athenatour.com\/index\/wp-content\/uploads\/2023\/06\/1okul-turlari-2023-06-20-111251-1024x595.png 1024w, https:\/\/athenatour.com\/index\/wp-content\/uploads\/2023\/06\/1okul-turlari-2023-06-20-111251-300x174.png 300w, https:\/\/athenatour.com\/index\/wp-content\/uploads\/2023\/06\/1okul-turlari-2023-06-20-111251-768x446.png 768w, https:\/\/athenatour.com\/index\/wp-content\/uploads\/2023\/06\/1okul-turlari-2023-06-20-111251-103x60.png 103w, https:\/\/athenatour.com\/index\/wp-content\/uploads\/2023\/06\/1okul-turlari-2023-06-20-111251.png 1060w\" sizes=\"auto, (max-width: 910px) 100vw, 910px\" \/>\t\t\t\t\t\t\t\t\t\t\t\t\t\t\t<\/div>\n\t\t\t\t<\/div>\n\t\t\t\t<div class=\"elementor-element elementor-element-44ec94d elementor-widget elementor-widget-image\" data-id=\"44ec94d\" data-element_type=\"widget\" data-widget_type=\"image.default\">\n\t\t\t\t<div class=\"elementor-widget-container\">\n\t\t\t\t\t\t\t\t\t\t\t\t\t\t\t<img loading=\"lazy\" decoding=\"async\" width=\"910\" height=\"719\" src=\"https:\/\/athenatour.com\/index\/wp-content\/uploads\/2023\/06\/2okulturlari2023-06-20-111533-1024x809.png\" class=\"attachment-large size-large wp-image-2698\" alt=\"\" srcset=\"https:\/\/athenatour.com\/index\/wp-content\/uploads\/2023\/06\/2okulturlari2023-06-20-111533-1024x809.png 1024w, https:\/\/athenatour.com\/index\/wp-content\/uploads\/2023\/06\/2okulturlari2023-06-20-111533-300x237.png 300w, https:\/\/athenatour.com\/index\/wp-content\/uploads\/2023\/06\/2okulturlari2023-06-20-111533-768x607.png 768w, https:\/\/athenatour.com\/index\/wp-content\/uploads\/2023\/06\/2okulturlari2023-06-20-111533-76x60.png 76w, https:\/\/athenatour.com\/index\/wp-content\/uploads\/2023\/06\/2okulturlari2023-06-20-111533.png 1063w\" sizes=\"auto, (max-width: 910px) 100vw, 910px\" \/>\t\t\t\t\t\t\t\t\t\t\t\t\t\t\t<\/div>\n\t\t\t\t<\/div>\n\t\t\t\t\t<\/div>\n\t\t\t\t<\/div>\n\t\t\t\t\t\t\t<\/div>\n\t\t","protected":false},"excerpt":{"rendered":"<p>OKUL TURLARI \u00dclkemizin Sahip oldu\u011fu G\u00fczellikleri ve Tarihi yerlerini siz de\u011ferli \u00f6\u011fretmenlerimiz e\u015fli\u011finde \u00f6\u011frencilerimize tan\u0131tmak ve gezdirmek amac\u0131 ile sizlere bir\u00e7ok tur program\u0131 haz\u0131rlad\u0131k.Gerek tarihi gerekse k\u00fclt\u00fcrel miraslar\u0131 olarak \u00fclkemizin zenginliklerini \u00f6\u011frencilerimiz ara\u015ft\u0131r\u0131p, g\u00f6r\u00fcp ve gezme imkan\u0131na sahipler \u00fcstelik en ekonomik ve en kaliteli bir &hellip; <\/p>\n","protected":false},"author":1,"featured_media":0,"parent":0,"menu_order":0,"comment_status":"closed","ping_status":"closed","template":"","meta":{"footnotes":""},"class_list":["post-2052","page","type-page","status-publish","hentry"],"_links":{"self":[{"href":"https:\/\/athenatour.com\/index\/wp-json\/wp\/v2\/pages\/2052","targetHints":{"allow":["GET"]}}],"collection":[{"href":"https:\/\/athenatour.com\/index\/wp-json\/wp\/v2\/pages"}],"about":[{"href":"https:\/\/athenatour.com\/index\/wp-json\/wp\/v2\/types\/page"}],"author":[{"embeddable":true,"href":"https:\/\/athenatour.com\/index\/wp-json\/wp\/v2\/users\/1"}],"replies":[{"embeddable":true,"href":"https:\/\/athenatour.com\/index\/wp-json\/wp\/v2\/comments?post=2052"}],"version-history":[{"count":17,"href":"https:\/\/athenatour.com\/index\/wp-json\/wp\/v2\/pages\/2052\/revisions"}],"predecessor-version":[{"id":4055,"href":"https:\/\/athenatour.com\/index\/wp-json\/wp\/v2\/pages\/2052\/revisions\/4055"}],"wp:attachment":[{"href":"https:\/\/athenatour.com\/index\/wp-json\/wp\/v2\/media?parent=2052"}],"curies":[{"name":"wp","href":"https:\/\/api.w.org\/{rel}","templated":true}]}}