{"id":2069,"date":"2023-06-14T14:27:02","date_gmt":"2023-06-14T14:27:02","guid":{"rendered":"https:\/\/athenatour.com\/index\/?page_id=2069"},"modified":"2024-11-25T08:53:12","modified_gmt":"2024-11-25T08:53:12","slug":"vipturlar","status":"publish","type":"page","link":"https:\/\/athenatour.com\/index\/vipturlar\/","title":{"rendered":"VIP Turlar"},"content":{"rendered":"\t\t<div data-elementor-type=\"wp-page\" data-elementor-id=\"2069\" class=\"elementor elementor-2069\">\n\t\t\t\t\t\t\t<div class=\"elementor-element elementor-element-4995fb8 e-con-boxed e-flex e-con\" data-id=\"4995fb8\" data-element_type=\"container\" data-settings=\"{&quot;content_width&quot;:&quot;boxed&quot;}\">\n\t\t\t\t\t<div class=\"e-con-inner\">\n\t\t\t\t<div class=\"elementor-element elementor-element-8ee6655 elementor-widget elementor-widget-heading\" data-id=\"8ee6655\" data-element_type=\"widget\" data-widget_type=\"heading.default\">\n\t\t\t\t<div class=\"elementor-widget-container\">\n\t\t\t<style>\/*! elementor - v3.13.3 - 28-05-2023 *\/\n.elementor-heading-title{padding:0;margin:0;line-height:1}.elementor-widget-heading .elementor-heading-title[class*=elementor-size-]>a{color:inherit;font-size:inherit;line-height:inherit}.elementor-widget-heading .elementor-heading-title.elementor-size-small{font-size:15px}.elementor-widget-heading .elementor-heading-title.elementor-size-medium{font-size:19px}.elementor-widget-heading .elementor-heading-title.elementor-size-large{font-size:29px}.elementor-widget-heading .elementor-heading-title.elementor-size-xl{font-size:39px}.elementor-widget-heading .elementor-heading-title.elementor-size-xxl{font-size:59px}<\/style><span class=\"elementor-heading-title elementor-size-xl\">VIP TURLAR<\/span>\t\t<\/div>\n\t\t\t\t<\/div>\n\t\t\t\t\t<\/div>\n\t\t\t\t<\/div>\n\t\t<div class=\"elementor-element elementor-element-47390e4 e-con-boxed e-flex e-con\" data-id=\"47390e4\" data-element_type=\"container\" data-settings=\"{&quot;content_width&quot;:&quot;boxed&quot;}\">\n\t\t\t\t\t<div class=\"e-con-inner\">\n\t\t\t\t<div class=\"elementor-element elementor-element-2cf4a9f elementor-widget elementor-widget-text-editor\" data-id=\"2cf4a9f\" data-element_type=\"widget\" data-widget_type=\"text-editor.default\">\n\t\t\t\t<div class=\"elementor-widget-container\">\n\t\t\t<style>\/*! elementor - v3.13.3 - 28-05-2023 *\/\n.elementor-widget-text-editor.elementor-drop-cap-view-stacked .elementor-drop-cap{background-color:#69727d;color:#fff}.elementor-widget-text-editor.elementor-drop-cap-view-framed .elementor-drop-cap{color:#69727d;border:3px solid;background-color:transparent}.elementor-widget-text-editor:not(.elementor-drop-cap-view-default) .elementor-drop-cap{margin-top:8px}.elementor-widget-text-editor:not(.elementor-drop-cap-view-default) .elementor-drop-cap-letter{width:1em;height:1em}.elementor-widget-text-editor .elementor-drop-cap{float:left;text-align:center;line-height:1;font-size:50px}.elementor-widget-text-editor .elementor-drop-cap-letter{display:inline-block}<\/style>\t\t\t\t<p><em><strong>VIP Turlar ile E\u015fsiz Bir Seyahat Deneyimi Ya\u015fay\u0131n !<\/strong><\/em><\/p><p><em>Hayalinizdeki tatili daha da \u00f6zel k\u0131lmak i\u00e7in, VIP turlar sizler i\u00e7in m\u00fckemmel bir se\u00e7enek!\u00a0<\/em><br \/><em>\u0130ster aileniz ile birlikte, ister arkada\u015f grubunuz ile birlikte sadece sizlere \u00f6zel VIP Turlar<\/em><\/p><p><em>Yurt \u0130\u00e7i &#8211; Yurt D\u0131\u015f\u0131 , Hafta \u0130\u00e7i &#8211; Hafta sonu,\u00a0 diledi\u011finiz tarihte,\u00a0 diledi\u011finiz b\u00f6lgeye \u00f6zel rehber e\u015fli\u011finde VIP Turlar\u0131m\u0131z sizleri bekliyor.<\/em><\/p><h3>Bilgi ve Rezervasyon i\u00e7in <strong>0212 296 93 47 \/ 0212 296 93 48\u00a0<\/strong><\/h3>\t\t\t\t\t\t<\/div>\n\t\t\t\t<\/div>\n\t\t<div class=\"elementor-element elementor-element-7d06fab e-con-boxed e-flex e-con\" data-id=\"7d06fab\" data-element_type=\"container\" data-settings=\"{&quot;content_width&quot;:&quot;boxed&quot;}\">\n\t\t\t\t\t<div class=\"e-con-inner\">\n\t\t\t\t<div class=\"elementor-element elementor-element-502be16 elementor-widget elementor-widget-image\" data-id=\"502be16\" data-element_type=\"widget\" data-widget_type=\"image.default\">\n\t\t\t\t<div class=\"elementor-widget-container\">\n\t\t\t<style>\/*! elementor - v3.13.3 - 28-05-2023 *\/\n.elementor-widget-image{text-align:center}.elementor-widget-image a{display:inline-block}.elementor-widget-image a img[src$=\".svg\"]{width:48px}.elementor-widget-image img{vertical-align:middle;display:inline-block}<\/style>\t\t\t\t\t\t\t\t\t\t\t\t<img loading=\"lazy\" decoding=\"async\" width=\"910\" height=\"347\" src=\"https:\/\/athenatour.com\/index\/wp-content\/uploads\/2024\/11\/vipturlar-yeniii-1024x390.png\" class=\"attachment-large size-large wp-image-4448\" alt=\"\" srcset=\"https:\/\/athenatour.com\/index\/wp-content\/uploads\/2024\/11\/vipturlar-yeniii-1024x390.png 1024w, https:\/\/athenatour.com\/index\/wp-content\/uploads\/2024\/11\/vipturlar-yeniii-300x114.png 300w, https:\/\/athenatour.com\/index\/wp-content\/uploads\/2024\/11\/vipturlar-yeniii-768x292.png 768w, https:\/\/athenatour.com\/index\/wp-content\/uploads\/2024\/11\/vipturlar-yeniii-158x60.png 158w, https:\/\/athenatour.com\/index\/wp-content\/uploads\/2024\/11\/vipturlar-yeniii.png 1095w\" sizes=\"auto, (max-width: 910px) 100vw, 910px\" \/>\t\t\t\t\t\t\t\t\t\t\t\t\t\t\t<\/div>\n\t\t\t\t<\/div>\n\t\t\t\t\t<\/div>\n\t\t\t\t<\/div>\n\t\t\t\t\t<\/div>\n\t\t\t\t<\/div>\n\t\t<div class=\"elementor-element elementor-element-dcec17e e-con-boxed e-flex e-con\" data-id=\"dcec17e\" data-element_type=\"container\" data-settings=\"{&quot;content_width&quot;:&quot;boxed&quot;}\">\n\t\t\t\t\t<div class=\"e-con-inner\">\n\t\t\t\t<div class=\"elementor-element elementor-element-ca54cba elementor-widget elementor-widget-text-editor\" data-id=\"ca54cba\" data-element_type=\"widget\" data-widget_type=\"text-editor.default\">\n\t\t\t\t<div class=\"elementor-widget-container\">\n\t\t\t\t\t\t\t\t\t\t\t\t\t<\/div>\n\t\t\t\t<\/div>\n\t\t\t\t<div class=\"elementor-element elementor-element-4d54447 elementor-button-success elementor-widget__width-initial elementor-widget elementor-widget-button\" data-id=\"4d54447\" data-element_type=\"widget\" data-widget_type=\"button.default\">\n\t\t\t\t<div class=\"elementor-widget-container\">\n\t\t\t\t\t<div class=\"elementor-button-wrapper\">\n\t\t\t<a href=\"https:\/\/api.whatsapp.com\/send?phone=05543641151\" target=\"_blank\" class=\"elementor-button-link elementor-button elementor-size-lg\" role=\"button\">\n\t\t\t\t\t\t<span class=\"elementor-button-content-wrapper\">\n\t\t\t\t\t\t\t<span class=\"elementor-button-icon elementor-align-icon-left\">\n\t\t\t\t<svg aria-hidden=\"true\" class=\"e-font-icon-svg e-fab-whatsapp\" viewBox=\"0 0 448 512\" xmlns=\"http:\/\/www.w3.org\/2000\/svg\"><path d=\"M380.9 97.1C339 55.1 283.2 32 223.9 32c-122.4 0-222 99.6-222 222 0 39.1 10.2 77.3 29.6 111L0 480l117.7-30.9c32.4 17.7 68.9 27 106.1 27h.1c122.3 0 224.1-99.6 224.1-222 0-59.3-25.2-115-67.1-157zm-157 341.6c-33.2 0-65.7-8.9-94-25.7l-6.7-4-69.8 18.3L72 359.2l-4.4-7c-18.5-29.4-28.2-63.3-28.2-98.2 0-101.7 82.8-184.5 184.6-184.5 49.3 0 95.6 19.2 130.4 54.1 34.8 34.9 56.2 81.2 56.1 130.5 0 101.8-84.9 184.6-186.6 184.6zm101.2-138.2c-5.5-2.8-32.8-16.2-37.9-18-5.1-1.9-8.8-2.8-12.5 2.8-3.7 5.6-14.3 18-17.6 21.8-3.2 3.7-6.5 4.2-12 1.4-32.6-16.3-54-29.1-75.5-66-5.7-9.8 5.7-9.1 16.3-30.3 1.8-3.7.9-6.9-.5-9.7-1.4-2.8-12.5-30.1-17.1-41.2-4.5-10.8-9.1-9.3-12.5-9.5-3.2-.2-6.9-.2-10.6-.2-3.7 0-9.7 1.4-14.8 6.9-5.1 5.6-19.4 19-19.4 46.3 0 27.3 19.9 53.7 22.6 57.4 2.8 3.7 39.1 59.7 94.8 83.8 35.2 15.2 49 16.5 66.6 13.9 10.7-1.6 32.8-13.4 37.4-26.4 4.6-13 4.6-24.1 3.2-26.4-1.3-2.5-5-3.9-10.5-6.6z\"><\/path><\/svg>\t\t\t<\/span>\n\t\t\t\t\t\t<span class=\"elementor-button-text\">Tur talepleriniz i\u00e7in bize ula\u015f\u0131n<\/span>\n\t\t<\/span>\n\t\t\t\t\t<\/a>\n\t\t<\/div>\n\t\t\t\t<\/div>\n\t\t\t\t<\/div>\n\t\t\t\t\t<\/div>\n\t\t\t\t<\/div>\n\t\t\t\t\t\t\t<\/div>\n\t\t","protected":false},"excerpt":{"rendered":"<p>VIP TURLAR VIP Turlar ile E\u015fsiz Bir Seyahat Deneyimi Ya\u015fay\u0131n ! Hayalinizdeki tatili daha da \u00f6zel k\u0131lmak i\u00e7in, VIP turlar sizler i\u00e7in m\u00fckemmel bir se\u00e7enek!\u00a0\u0130ster aileniz ile birlikte, ister arkada\u015f grubunuz ile birlikte sadece sizlere \u00f6zel VIP Turlar Yurt \u0130\u00e7i &#8211; Yurt D\u0131\u015f\u0131 , Hafta &hellip; <\/p>\n","protected":false},"author":1,"featured_media":0,"parent":0,"menu_order":0,"comment_status":"closed","ping_status":"closed","template":"","meta":{"footnotes":""},"class_list":["post-2069","page","type-page","status-publish","hentry"],"_links":{"self":[{"href":"https:\/\/athenatour.com\/index\/wp-json\/wp\/v2\/pages\/2069","targetHints":{"allow":["GET"]}}],"collection":[{"href":"https:\/\/athenatour.com\/index\/wp-json\/wp\/v2\/pages"}],"about":[{"href":"https:\/\/athenatour.com\/index\/wp-json\/wp\/v2\/types\/page"}],"author":[{"embeddable":true,"href":"https:\/\/athenatour.com\/index\/wp-json\/wp\/v2\/users\/1"}],"replies":[{"embeddable":true,"href":"https:\/\/athenatour.com\/index\/wp-json\/wp\/v2\/comments?post=2069"}],"version-history":[{"count":62,"href":"https:\/\/athenatour.com\/index\/wp-json\/wp\/v2\/pages\/2069\/revisions"}],"predecessor-version":[{"id":4463,"href":"https:\/\/athenatour.com\/index\/wp-json\/wp\/v2\/pages\/2069\/revisions\/4463"}],"wp:attachment":[{"href":"https:\/\/athenatour.com\/index\/wp-json\/wp\/v2\/media?parent=2069"}],"curies":[{"name":"wp","href":"https:\/\/api.w.org\/{rel}","templated":true}]}}