{"id":3260,"date":"2023-08-10T13:00:38","date_gmt":"2023-08-10T13:00:38","guid":{"rendered":"https:\/\/athenatour.com\/index\/?page_id=3260"},"modified":"2023-08-22T12:41:41","modified_gmt":"2023-08-22T12:41:41","slug":"selanikturu","status":"publish","type":"page","link":"https:\/\/athenatour.com\/index\/selanikturu\/","title":{"rendered":"SELAN\u0130K TURU"},"content":{"rendered":"\t\t<div data-elementor-type=\"wp-page\" data-elementor-id=\"3260\" class=\"elementor elementor-3260\">\n\t\t\t\t\t\t\t<div class=\"elementor-element elementor-element-93b09c8 e-con-boxed e-flex e-con\" data-id=\"93b09c8\" data-element_type=\"container\" data-settings=\"{&quot;content_width&quot;:&quot;boxed&quot;}\">\n\t\t\t\t\t<div class=\"e-con-inner\">\n\t\t\t\t<div class=\"elementor-element elementor-element-34a6b0e elementor-widget elementor-widget-heading\" data-id=\"34a6b0e\" data-element_type=\"widget\" data-widget_type=\"heading.default\">\n\t\t\t\t<div class=\"elementor-widget-container\">\n\t\t\t<style>\/*! elementor - v3.13.3 - 28-05-2023 *\/\n.elementor-heading-title{padding:0;margin:0;line-height:1}.elementor-widget-heading .elementor-heading-title[class*=elementor-size-]>a{color:inherit;font-size:inherit;line-height:inherit}.elementor-widget-heading .elementor-heading-title.elementor-size-small{font-size:15px}.elementor-widget-heading .elementor-heading-title.elementor-size-medium{font-size:19px}.elementor-widget-heading .elementor-heading-title.elementor-size-large{font-size:29px}.elementor-widget-heading .elementor-heading-title.elementor-size-xl{font-size:39px}.elementor-widget-heading .elementor-heading-title.elementor-size-xxl{font-size:59px}<\/style><h1 class=\"elementor-heading-title elementor-size-xxl\">SELAN\u0130K TURU<\/h1>\t\t<\/div>\n\t\t\t\t<\/div>\n\t\t\t\t<div class=\"elementor-element elementor-element-7a0e67a elementor-widget elementor-widget-heading\" data-id=\"7a0e67a\" data-element_type=\"widget\" data-widget_type=\"heading.default\">\n\t\t\t\t<div class=\"elementor-widget-container\">\n\t\t\t<h2 class=\"elementor-heading-title elementor-size-default\"><h4 style=\"font-family: var(--secondary-font); white-space-collapse: collapse; text-align: center;\"><strong style=\"color: rgb(122, 122, 122); font-family: Roboto, sans-serif; font-size: 16px;\"><span style=\"font-family: Tahoma, &quot;sans-serif&quot;; font-size: 26px; color: rgb(153, 51, 0);\">29 Eyl\u00fcl \u2013 1 Ekim 2023 (1 Gece \u2013 2 G\u00fcn)<\/span><\/strong><\/h4><\/h2>\t\t<\/div>\n\t\t\t\t<\/div>\n\t\t\t\t<div class=\"elementor-element elementor-element-a202401 elementor-widget elementor-widget-image\" data-id=\"a202401\" data-element_type=\"widget\" data-widget_type=\"image.default\">\n\t\t\t\t<div class=\"elementor-widget-container\">\n\t\t\t<style>\/*! elementor - v3.13.3 - 28-05-2023 *\/\n.elementor-widget-image{text-align:center}.elementor-widget-image a{display:inline-block}.elementor-widget-image a img[src$=\".svg\"]{width:48px}.elementor-widget-image img{vertical-align:middle;display:inline-block}<\/style>\t\t\t\t\t\t\t\t\t\t\t\t<img loading=\"lazy\" decoding=\"async\" width=\"768\" height=\"310\" src=\"https:\/\/athenatour.com\/index\/wp-content\/uploads\/2023\/08\/selaniksite-e1691672571605-768x310.png\" class=\"attachment-medium_large size-medium_large wp-image-3263\" alt=\"\" srcset=\"https:\/\/athenatour.com\/index\/wp-content\/uploads\/2023\/08\/selaniksite-e1691672571605-768x310.png 768w, https:\/\/athenatour.com\/index\/wp-content\/uploads\/2023\/08\/selaniksite-e1691672571605-300x121.png 300w, https:\/\/athenatour.com\/index\/wp-content\/uploads\/2023\/08\/selaniksite-e1691672571605-148x60.png 148w, https:\/\/athenatour.com\/index\/wp-content\/uploads\/2023\/08\/selaniksite-e1691672571605.png 970w\" sizes=\"auto, (max-width: 768px) 100vw, 768px\" \/>\t\t\t\t\t\t\t\t\t\t\t\t\t\t\t<\/div>\n\t\t\t\t<\/div>\n\t\t\t\t<div class=\"elementor-element elementor-element-643729e elementor-widget elementor-widget-text-editor\" data-id=\"643729e\" data-element_type=\"widget\" data-widget_type=\"text-editor.default\">\n\t\t\t\t<div class=\"elementor-widget-container\">\n\t\t\t<style>\/*! elementor - v3.13.3 - 28-05-2023 *\/\n.elementor-widget-text-editor.elementor-drop-cap-view-stacked .elementor-drop-cap{background-color:#69727d;color:#fff}.elementor-widget-text-editor.elementor-drop-cap-view-framed .elementor-drop-cap{color:#69727d;border:3px solid;background-color:transparent}.elementor-widget-text-editor:not(.elementor-drop-cap-view-default) .elementor-drop-cap{margin-top:8px}.elementor-widget-text-editor:not(.elementor-drop-cap-view-default) .elementor-drop-cap-letter{width:1em;height:1em}.elementor-widget-text-editor .elementor-drop-cap{float:left;text-align:center;line-height:1;font-size:50px}.elementor-widget-text-editor .elementor-drop-cap-letter{display:inline-block}<\/style>\t\t\t\t<p><span style=\"color: #993300;\"><b><u><span style=\"font-size: 11.0pt; font-family: 'Tahoma','sans-serif';\">1.G\u00fcn: \u0130STANBUL \u2013 SELAN\u0130K&nbsp; ( 628 km )<\/span><\/u><\/b><\/span><\/p>\n<p><span style=\"font-size: 11pt; font-family: Tahoma, 'sans-serif'; color: #000000;\">Ak\u015fam saat 21.00 da Kad\u0131k\u00f6y Evlendirme Dairesi \u00d6n\u00fc, 21.30 da Athena Tour ofis \u00d6n\u00fc,22.00 da Bak\u0131rk\u00f6y \u0130ncirli \u00d6m\u00fcr Plaza \u00f6n\u00fcnden hareket. Tekirda\u011f\u2019da-Malkara \u00fczerinden \u0130psala (T\u00dcRK) Kipi (YUNAN) S\u0131n\u0131r Kap\u0131lar\u0131nda G\u00fcmr\u00fck &amp; Pasaport i\u015flemleri sonras\u0131 YUNAN\u0130STAN\u2019A giri\u015f.<\/span><\/p>\n<p><span style=\"color: #993300;\"><b style=\"text-align: var(--text-align); font-family: var(--primary-font);\"><u><span style=\"font-size: 11.0pt; font-family: 'Tahoma','sans-serif';\">2.G\u00fcn: SELAN\u0130K<\/span><\/u><\/b><\/span><\/p>\n<p><span style=\"color: #000000;\"><span style=\"font-size: 11.0pt; font-family: 'Tahoma','sans-serif';\">Sabah ALEXANDROUPOL\u0130 (Dedea\u011fa\u00e7) KOMOTINI (G\u00fcm\u00fclcine) \u00fczerinden XANTHI (\u0130ske\u00e7e) kahvalt\u0131 molas\u0131 sonras\u0131 SELAN\u0130K\u2019E var\u0131\u015f. ESK\u0130 SELAN\u0130K GEZ\u0130S\u0130 (Acropolis, Bizans surlar\u0131, Eski Selanik, \u201cAna Poli\u201d, Makedonia mimarisinin hakim oldu\u011fu Evler \u2013 Sokaklar, \u015fehrin ku\u015fbak\u0131\u015f\u0131 seyri ) Panaromik SELAN\u0130K \u015eEH\u0130R TURU ( Makedonia &amp; Trakya &amp; Bakanl\u0131k Binas\u0131 D\u00f6ner Kule, HELEXPO \u0130nternational Fuar alan\u0131, 19.YY Neo Klasik Yap\u0131lar, Averof Liman\u0131, Beyaz Kule, Hamza Bey Camii, \u201cB.\u0130skender \u2013 E. Venezelos \u2013 P. Konstantin\u201d Heykelleri, \u015ead\u0131rvan, Aristoteles, Elefterios\u201d&nbsp; Meydanlar\u0131, <\/span><span style=\"font-size: 9.5pt; font-family: Arial, 'sans-serif';\">Ag. Dimitri Kilisesi<\/span><span style=\"font-size: 11.0pt; font-family: 'Tahoma','sans-serif';\"> gezileri ) <\/span><span style=\"font-size: 9.5pt; font-family: Arial, 'sans-serif';\">SELAN\u0130K\u2019te bulunan ULU \u00d6NDER MUSTAFA KEMAL<\/span><span style=\"font-size: 11.0pt; font-family: 'Tahoma','sans-serif';\"> ATAT\u00dcRK\u2019\u00fcn EV\u0130\u2019ni Ziyaret s<\/span><\/span><span style=\"text-align: var(--text-align); font-size: 11pt; font-family: Tahoma, &quot;sans-serif&quot;; color: rgb(0, 0, 0);\">onras\u0131 Egnatia, Tsmiski caddelerini g\u00f6rerek otelimize var\u0131\u015f ve yerle\u015fme sonras\u0131 al\u0131\u015f-veri\u015f i\u00e7in serbest zaman, otelimizde konaklama. Ak\u015fam dileyen misafirlerimize extra ak\u015fam yemekli YUNAN TAVERNASI (Yemek+ \u0130\u00e7ki + Greek M\u00fczik &amp; Sirtaki \u2013 Buzuki, Rebetiko)<\/span><span style=\"text-align: var(--text-align); color: rgb(0, 0, 0); font-family: Tahoma, &quot;sans-serif&quot;; font-size: 11pt;\">&nbsp;<\/span><\/p>\n<p><span style=\"color: #993300;\"><b><u><span style=\"font-size: 11.0pt; font-family: 'Tahoma','sans-serif';\">3.G\u00fcn: SELAN\u0130K \u2013 KAVALA ( 168 Km. ) KAVALA \u2013 \u0130STANBUL ( 460 Km.) <\/span><\/u><\/b><\/span><\/p>\n<p><span style=\"font-size: 11pt; font-family: Tahoma, 'sans-serif'; color: #000000;\">Sabah kahvalt\u0131 sonras\u0131 Kavalaya hareket. Yakla\u015f\u0131k 2 saat s\u00fcren yolculuk sonras\u0131 Kavalaya var\u0131\u015f. KAVALA \u015eEH\u0130R TURU (Panag\u0131a \u2013 Su kemerleri \u2013 Liman \u2013 19 yy Neo Klasik yap\u0131lar\u0131 \u2013 Kavalal\u0131 Mehmet Ali Pa\u015fa K\u00fclliyesi-Heykel &amp; Evi,Panagia b\u00f6lgesi,Kavala Kalesi, Teodora Kimissi Kilisesi \u2013 Deniz feneri) gezileri sonras\u0131 XANTHI (\u0130ske\u00e7e) de panoramik gezi ve , KOMOTINI (G\u00fcm\u00fclcine) \u00fczerinden, ALEXANDROUPOLI\u2019ye (Dedea\u011fa\u00e7) var\u0131\u015f. Burada verece\u011fimiz molan\u0131n ard\u0131ndan s\u0131n\u0131r kap\u0131s\u0131na hareket. G\u00fcmr\u00fck ve pasaport i\u015flemlerimiz sonras\u0131 \u0130stanbul\u2019a hareket. 22:30 civar\u0131nda \u0130stanbul\u2019a var\u0131\u015f ve turun sona ermesi.<\/span><\/p>\n<p><span style=\"font-size: 11pt; font-family: Tahoma, 'sans-serif'; color: #000000;\">&nbsp;<\/span><\/p>\n<p style=\"text-align: center;\"><span style=\"color: #993300;\"><strong><span style=\"font-family: Tahoma, 'sans-serif'; font-size: 20pt; text-align: center;\">( \u0130ki ve \u00dc\u00e7 Ki\u015filik Odada Ki\u015fi Ba\u015f\u0131 ) 120 Euro<\/span><\/strong><\/span><\/p>\n<p style=\"text-align: center;\" align=\"center\"><span style=\"color: #993300;\"><b><u><span style=\"font-size: 14.0pt; mso-bidi-font-size: 11.0pt; font-family: 'Tahoma','sans-serif';\">0-2 Ya\u015f \u00c7ocuk: \u00dccretsiz (Otob\u00fcste Koltuk almad\u0131\u011f\u0131 takdirde)<\/span><\/u><\/b><\/span><\/p>\n<p><span style=\"font-size: 11pt; font-family: Tahoma, 'sans-serif'; color: #000000;\">&nbsp;<\/span><\/p>\n<p><span style=\"text-align: var(--text-align); font-family: var(--primary-font); color: #000000;\"><u><span style=\"font-family: Tahoma, 'sans-serif';\"><span style=\"font-size: 11pt;\"><b>TURA DA\u0130L OLAN H\u0130ZMETLER:<\/b><\/span><span style=\"font-size: 14.6667px;\"><b><br><\/b><\/span><\/span><\/u><\/span><span style=\"font-family: Tahoma, 'sans-serif'; font-size: 10pt; color: #000000; text-align: var(--text-align);\">Otob\u00fcsler ile gidi\u015f-d\u00f6n\u00fc\u015f Ula\u015f\u0131m<br><\/span><span style=\"font-family: Tahoma, 'sans-serif'; font-size: 10pt; color: #000000; text-align: var(--text-align);\">SELAN\u0130K\u2019te 1 Gece Merkez Oteller Oda + Kahvalt\u0131 Konaklama<br><\/span><span style=\"font-family: Tahoma, 'sans-serif'; font-size: 10pt; color: #000000; text-align: var(--text-align);\">Programda Yaz\u0131l\u0131 olan t\u00fcm \u00c7evre Gezileri<br><\/span><span style=\"font-family: Tahoma, 'sans-serif'; font-size: 10pt; color: #000000; text-align: var(--text-align);\">Rehberlik Hizmetleri Dahildir.<\/span><\/p>\n<p><span style=\"color: #000000;\"><b><u><span style=\"font-size: 11pt; font-family: Tahoma, 'sans-serif';\">TURA DAH\u0130L OLMAYANLAR:<\/span><\/u><\/b><span style=\"font-size: 10.0pt; font-family: 'Tahoma','sans-serif';\"><br>T\u00fcm \u00f6\u011fle ve ak\u015fam yemekleri, Yolda otelde al\u0131nan extralar<br>Taverna Turu hari\u00e7tir.<br>Vize ve Hizmet Bedeli hari\u00e7tir.<br><\/span><\/span><span style=\"font-size: 10pt; font-family: Tahoma, 'sans-serif'; color: #000000;\">Yurt D\u0131\u015f\u0131 \u00e7\u0131k\u0131\u015f harc\u0131 150 TL hari\u00e7tir. <\/span><\/p>\n<p><span style=\"color: #000000;\"><!-- [if !supportLineBreakNewLine]--><\/span><br><!--[endif]--><\/p>\t\t\t\t\t\t<\/div>\n\t\t\t\t<\/div>\n\t\t\t\t\t<\/div>\n\t\t\t\t<\/div>\n\t\t\t\t\t\t\t<\/div>\n\t\t","protected":false},"excerpt":{"rendered":"<p>SELAN\u0130K TURU 29 Eyl\u00fcl \u2013 1 Ekim 2023 (1 Gece \u2013 2 G\u00fcn) 1.G\u00fcn: \u0130STANBUL \u2013 SELAN\u0130K&nbsp; ( 628 km ) Ak\u015fam saat 21.00 da Kad\u0131k\u00f6y Evlendirme Dairesi \u00d6n\u00fc, 21.30 da Athena Tour ofis \u00d6n\u00fc,22.00 da Bak\u0131rk\u00f6y \u0130ncirli \u00d6m\u00fcr Plaza \u00f6n\u00fcnden hareket. Tekirda\u011f\u2019da-Malkara \u00fczerinden \u0130psala &hellip; <\/p>\n","protected":false},"author":1,"featured_media":0,"parent":0,"menu_order":0,"comment_status":"closed","ping_status":"closed","template":"","meta":{"footnotes":""},"class_list":["post-3260","page","type-page","status-publish","hentry"],"_links":{"self":[{"href":"https:\/\/athenatour.com\/index\/wp-json\/wp\/v2\/pages\/3260","targetHints":{"allow":["GET"]}}],"collection":[{"href":"https:\/\/athenatour.com\/index\/wp-json\/wp\/v2\/pages"}],"about":[{"href":"https:\/\/athenatour.com\/index\/wp-json\/wp\/v2\/types\/page"}],"author":[{"embeddable":true,"href":"https:\/\/athenatour.com\/index\/wp-json\/wp\/v2\/users\/1"}],"replies":[{"embeddable":true,"href":"https:\/\/athenatour.com\/index\/wp-json\/wp\/v2\/comments?post=3260"}],"version-history":[{"count":17,"href":"https:\/\/athenatour.com\/index\/wp-json\/wp\/v2\/pages\/3260\/revisions"}],"predecessor-version":[{"id":3524,"href":"https:\/\/athenatour.com\/index\/wp-json\/wp\/v2\/pages\/3260\/revisions\/3524"}],"wp:attachment":[{"href":"https:\/\/athenatour.com\/index\/wp-json\/wp\/v2\/media?parent=3260"}],"curies":[{"name":"wp","href":"https:\/\/api.w.org\/{rel}","templated":true}]}}